{"id":1253,"date":"2025-02-24T13:41:52","date_gmt":"2025-02-24T13:41:52","guid":{"rendered":"https:\/\/g-tool.ch\/wordpress\/?page_id=1253"},"modified":"2025-02-24T16:15:57","modified_gmt":"2025-02-24T16:15:57","slug":"unsere-handelvertretungen","status":"publish","type":"page","link":"https:\/\/g-tool.ch\/wordpress\/?page_id=1253","title":{"rendered":"Unsere Handelsvertretungen"},"content":{"rendered":"<p><img loading=\"lazy\" decoding=\"async\" class=\"alignnone size-medium wp-image-1255\" src=\"https:\/\/g-tool.ch\/wordpress\/wp-content\/uploads\/2025\/02\/micor_payoff-300x86.jpg\" alt=\"\" width=\"300\" height=\"86\" \/><\/p>\n<p><span style=\"color: #000000;\"><strong><span style=\"font-size: 1rem;\">Kreiss\u00e4gen f\u00fcr:<\/span><\/strong><\/span><\/p>\n<ul>\n<li><span style=\"font-size: 1rem; color: #000000;\">Holzindustrie<\/span><\/li>\n<li><span style=\"color: #000000;\">Metallbearbeitung<\/span><\/li>\n<li><span style=\"color: #000000;\">Kunststoffbearbeitung<\/span><\/li>\n<li><span style=\"color: #000000;\">Lebensmittelindustrie<\/span><\/li>\n<\/ul>\n<p><span style=\"color: #000000;\"><strong>3 verschiedene Varianten Kreiss\u00e4gen<\/strong><\/span><\/p>\n<ul>\n<li><span style=\"color: #000000;\">Standard<\/span><\/li>\n<li><span style=\"color: #000000;\">Blacklinde mit Oxidationsbeschichtung f\u00fcr weniger Anhaftungen<\/span><\/li>\n<li><span style=\"color: #000000;\">Enduraline mit Beschichung von Blattk\u00f6rper und Z\u00e4hnen f\u00fcr h\u00f6here Vorschubgeschwindikeiten und h\u00f6here Standzeiten<\/span><\/li>\n<\/ul>\n<p>&nbsp;<\/p>\n<p><img loading=\"lazy\" decoding=\"async\" class=\"alignnone size-medium wp-image-1260\" src=\"https:\/\/g-tool.ch\/wordpress\/wp-content\/uploads\/2025\/02\/langshyttan_payoff-300x53.jpg\" alt=\"\" width=\"300\" height=\"53\" srcset=\"https:\/\/g-tool.ch\/wordpress\/wp-content\/uploads\/2025\/02\/langshyttan_payoff-300x53.jpg 300w, https:\/\/g-tool.ch\/wordpress\/wp-content\/uploads\/2025\/02\/langshyttan_payoff-1024x180.jpg 1024w, https:\/\/g-tool.ch\/wordpress\/wp-content\/uploads\/2025\/02\/langshyttan_payoff-768x135.jpg 768w, https:\/\/g-tool.ch\/wordpress\/wp-content\/uploads\/2025\/02\/langshyttan_payoff.jpg 1417w\" sizes=\"auto, (max-width: 300px) 100vw, 300px\" \/><\/p>\n<p><span style=\"color: #000000;\"><strong>Bandss\u00e4gebl\u00e4tter mit verschiedenen Zahnausbildungen<\/strong><\/span><\/p>\n<ul>\n<li><span style=\"color: #000000;\">gestaucht<\/span><\/li>\n<li><span style=\"color: #000000;\">Stellit<\/span><\/li>\n<li><span style=\"color: #000000;\">Kajaani, der Winterzahn f\u00fcr geforenes Holz<\/span><\/li>\n<li><span style=\"color: #000000;\">Yieldmax f\u00fcr\u00a0<strong>d\u00fcnnere Schnittfuge<\/strong> und\u00a0<strong>h\u00f6here Standzeiten<\/strong><\/span><\/li>\n<\/ul>\n<p><span style=\"color: #000000;\"><strong>Aus Uddeholm Bandstahl in den bew\u00e4hrten Qualit\u00e4ten<\/strong><\/span><\/p>\n<ul>\n<li><span style=\"color: #000000;\">Blattst\u00e4rken von 1.1 bis 2.41 mm<\/span><\/li>\n<li><span style=\"color: #000000;\">Blattbreiten von 75 bis 360 mm<\/span><\/li>\n<\/ul>\n<p>&nbsp;<\/p>\n<p><img loading=\"lazy\" decoding=\"async\" class=\"alignnone size-medium wp-image-1262\" src=\"https:\/\/g-tool.ch\/wordpress\/wp-content\/uploads\/2025\/02\/bbm_payouff-300x105.jpg\" alt=\"\" width=\"300\" height=\"105\" srcset=\"https:\/\/g-tool.ch\/wordpress\/wp-content\/uploads\/2025\/02\/bbm_payouff-300x105.jpg 300w, https:\/\/g-tool.ch\/wordpress\/wp-content\/uploads\/2025\/02\/bbm_payouff-768x268.jpg 768w, https:\/\/g-tool.ch\/wordpress\/wp-content\/uploads\/2025\/02\/bbm_payouff-1020x357.jpg 1020w, https:\/\/g-tool.ch\/wordpress\/wp-content\/uploads\/2025\/02\/bbm_payouff-620x217.jpg 620w, https:\/\/g-tool.ch\/wordpress\/wp-content\/uploads\/2025\/02\/bbm_payouff-400x140.jpg 400w, https:\/\/g-tool.ch\/wordpress\/wp-content\/uploads\/2025\/02\/bbm_payouff.jpg 1024w\" sizes=\"auto, (max-width: 300px) 100vw, 300px\" \/><\/p>\n<p><span style=\"color: #000000;\"><strong>Werkzeuge zum Profilieren und Hobeln<\/strong><\/span><\/p>\n<ul>\n<li><span style=\"color: #000000;\">HSS oder HW-best\u00fcckt<\/span><\/li>\n<li><span style=\"color: #000000;\">Hobelmesserk\u00f6pfe in allen g\u00e4ngien Ausf\u00fchrungen<\/span><\/li>\n<li><span style=\"color: #000000;\">Spiralmesserk\u00f6pfe<\/span><\/li>\n<li><span style=\"color: #000000;\">Hobelwellen<\/span><\/li>\n<li><span style=\"color: #000000;\">Spaltwerkzeuge<\/span><\/li>\n<\/ul>\n<p>&nbsp;<\/p>\n<p><img loading=\"lazy\" decoding=\"async\" class=\"alignnone size-medium wp-image-1263\" src=\"https:\/\/g-tool.ch\/wordpress\/wp-content\/uploads\/2025\/02\/ltt_payoff-300x96.jpg\" alt=\"\" width=\"300\" height=\"96\" \/><\/p>\n<p><span style=\"color: #000000;\"><strong>Werkzeuge zum Profilieren und Hobeln<\/strong><\/span><\/p>\n<ul>\n<li><span style=\"color: #000000;\">DIA<\/span><\/li>\n<li><span style=\"color: #000000;\">f\u00fcr CNC-Anlagen wie <strong>Abbundanlagen Hundegger<\/strong><\/span><\/li>\n<li><span style=\"color: #000000;\">Werkzeughalter f\u00fcr Wendeschneiden und Profilmesser<\/span><\/li>\n<li><span style=\"color: #000000;\">Profilmesserk\u00f6pfe<\/span><\/li>\n<li><span style=\"color: #000000;\">Spiralmesserk\u00f6pfe\u00a0<\/span><\/li>\n<li><span style=\"color: #000000;\"><strong>Vollstahlfr\u00e4ser HSS zum Profilieren<\/strong><\/span><\/li>\n<li><span style=\"color: #000000;\">Rundstabfr\u00e4ser<\/span><\/li>\n<\/ul>\n<p>&nbsp;<\/p>\n<p>&nbsp;<\/p>\n","protected":false},"excerpt":{"rendered":"<p>Kreiss\u00e4gen f\u00fcr: Holzindustrie Metallbearbeitung Kunststoffbearbeitung Lebensmittelindustrie 3 verschiedene Varianten Kreiss\u00e4gen Standard Blacklinde mit Oxidationsbeschichtung f\u00fcr weniger Anhaftungen Enduraline mit Beschichung von Blattk\u00f6rper und Z\u00e4hnen f\u00fcr h\u00f6here Vorschubgeschwindikeiten und h\u00f6here Standzeiten &nbsp; Bandss\u00e4gebl\u00e4tter mit verschiedenen Zahnausbildungen gestaucht Stellit Kajaani, der Winterzahn f\u00fcr geforenes Holz Yieldmax f\u00fcr\u00a0d\u00fcnnere Schnittfuge und\u00a0h\u00f6here Standzeiten Aus Uddeholm Bandstahl in den bew\u00e4hrten Qualit\u00e4ten &hellip; <\/p>\n<p class=\"link-more\"><a href=\"https:\/\/g-tool.ch\/wordpress\/?page_id=1253\" class=\"more-link\"><span class=\"screen-reader-text\">\u201eUnsere Handelsvertretungen\u201c<\/span> weiterlesen<\/a><\/p>\n","protected":false},"author":1,"featured_media":0,"parent":0,"menu_order":0,"comment_status":"closed","ping_status":"closed","template":"","meta":{"footnotes":""},"class_list":["post-1253","page","type-page","status-publish","hentry"],"yoast_head":"<!-- This site is optimized with the Yoast SEO plugin v24.5 - https:\/\/yoast.com\/wordpress\/plugins\/seo\/ -->\n<title>Unsere Handelsvertretungen - GTT TOOL TECHNOLOGY<\/title>\n<meta name=\"robots\" content=\"index, follow, max-snippet:-1, max-image-preview:large, max-video-preview:-1\" \/>\n<link rel=\"canonical\" href=\"https:\/\/g-tool.ch\/wordpress\/?page_id=1253\" \/>\n<meta property=\"og:locale\" content=\"de_DE\" \/>\n<meta property=\"og:type\" content=\"article\" \/>\n<meta property=\"og:title\" content=\"Unsere Handelsvertretungen - GTT TOOL TECHNOLOGY\" \/>\n<meta property=\"og:description\" content=\"Kreiss\u00e4gen f\u00fcr: Holzindustrie Metallbearbeitung Kunststoffbearbeitung Lebensmittelindustrie 3 verschiedene Varianten Kreiss\u00e4gen Standard Blacklinde mit Oxidationsbeschichtung f\u00fcr weniger Anhaftungen Enduraline mit Beschichung von Blattk\u00f6rper und Z\u00e4hnen f\u00fcr h\u00f6here Vorschubgeschwindikeiten und h\u00f6here Standzeiten &nbsp; Bandss\u00e4gebl\u00e4tter mit verschiedenen Zahnausbildungen gestaucht Stellit Kajaani, der Winterzahn f\u00fcr geforenes Holz Yieldmax f\u00fcr\u00a0d\u00fcnnere Schnittfuge und\u00a0h\u00f6here Standzeiten Aus Uddeholm Bandstahl in den bew\u00e4hrten Qualit\u00e4ten &hellip; \u201eUnsere Handelsvertretungen\u201c weiterlesen\" \/>\n<meta property=\"og:url\" content=\"https:\/\/g-tool.ch\/wordpress\/?page_id=1253\" \/>\n<meta property=\"og:site_name\" content=\"GTT TOOL TECHNOLOGY\" \/>\n<meta property=\"article:modified_time\" content=\"2025-02-24T16:15:57+00:00\" \/>\n<meta property=\"og:image\" content=\"https:\/\/g-tool.ch\/wordpress\/wp-content\/uploads\/2025\/02\/micor_payoff-e1740406546263.jpg\" \/>\n\t<meta property=\"og:image:width\" content=\"600\" \/>\n\t<meta property=\"og:image:height\" content=\"172\" \/>\n\t<meta property=\"og:image:type\" content=\"image\/jpeg\" \/>\n<meta name=\"twitter:card\" content=\"summary_large_image\" \/>\n<meta name=\"twitter:label1\" content=\"Gesch\u00e4tzte Lesezeit\" \/>\n\t<meta name=\"twitter:data1\" content=\"2\u00a0Minuten\" \/>\n<script type=\"application\/ld+json\" class=\"yoast-schema-graph\">{\"@context\":\"https:\/\/schema.org\",\"@graph\":[{\"@type\":\"WebPage\",\"@id\":\"https:\/\/g-tool.ch\/wordpress\/?page_id=1253\",\"url\":\"https:\/\/g-tool.ch\/wordpress\/?page_id=1253\",\"name\":\"Unsere Handelsvertretungen - GTT TOOL TECHNOLOGY\",\"isPartOf\":{\"@id\":\"https:\/\/g-tool.ch\/wordpress\/#website\"},\"primaryImageOfPage\":{\"@id\":\"https:\/\/g-tool.ch\/wordpress\/?page_id=1253#primaryimage\"},\"image\":{\"@id\":\"https:\/\/g-tool.ch\/wordpress\/?page_id=1253#primaryimage\"},\"thumbnailUrl\":\"https:\/\/g-tool.ch\/wordpress\/wp-content\/uploads\/2025\/02\/micor_payoff-300x86.jpg\",\"datePublished\":\"2025-02-24T13:41:52+00:00\",\"dateModified\":\"2025-02-24T16:15:57+00:00\",\"breadcrumb\":{\"@id\":\"https:\/\/g-tool.ch\/wordpress\/?page_id=1253#breadcrumb\"},\"inLanguage\":\"de\",\"potentialAction\":[{\"@type\":\"ReadAction\",\"target\":[\"https:\/\/g-tool.ch\/wordpress\/?page_id=1253\"]}]},{\"@type\":\"ImageObject\",\"inLanguage\":\"de\",\"@id\":\"https:\/\/g-tool.ch\/wordpress\/?page_id=1253#primaryimage\",\"url\":\"https:\/\/g-tool.ch\/wordpress\/wp-content\/uploads\/2025\/02\/micor_payoff-e1740406546263.jpg\",\"contentUrl\":\"https:\/\/g-tool.ch\/wordpress\/wp-content\/uploads\/2025\/02\/micor_payoff-e1740406546263.jpg\",\"width\":600,\"height\":172},{\"@type\":\"BreadcrumbList\",\"@id\":\"https:\/\/g-tool.ch\/wordpress\/?page_id=1253#breadcrumb\",\"itemListElement\":[{\"@type\":\"ListItem\",\"position\":1,\"name\":\"Startseite\",\"item\":\"https:\/\/g-tool.ch\/wordpress\/\"},{\"@type\":\"ListItem\",\"position\":2,\"name\":\"Unsere Handelsvertretungen\"}]},{\"@type\":\"WebSite\",\"@id\":\"https:\/\/g-tool.ch\/wordpress\/#website\",\"url\":\"https:\/\/g-tool.ch\/wordpress\/\",\"name\":\"GTT TOOL TECHNOLOGY\",\"description\":\"Hochleistungswerkzeuge\",\"publisher\":{\"@id\":\"https:\/\/g-tool.ch\/wordpress\/#organization\"},\"potentialAction\":[{\"@type\":\"SearchAction\",\"target\":{\"@type\":\"EntryPoint\",\"urlTemplate\":\"https:\/\/g-tool.ch\/wordpress\/?s={search_term_string}\"},\"query-input\":{\"@type\":\"PropertyValueSpecification\",\"valueRequired\":true,\"valueName\":\"search_term_string\"}}],\"inLanguage\":\"de\"},{\"@type\":\"Organization\",\"@id\":\"https:\/\/g-tool.ch\/wordpress\/#organization\",\"name\":\"GTT TOOL TECHNOLOGY\",\"url\":\"https:\/\/g-tool.ch\/wordpress\/\",\"logo\":{\"@type\":\"ImageObject\",\"inLanguage\":\"de\",\"@id\":\"https:\/\/g-tool.ch\/wordpress\/#\/schema\/logo\/image\/\",\"url\":\"https:\/\/g-tool.ch\/wordpress\/wp-content\/uploads\/2016\/12\/gtt_tool_technology_cmyk-e1482240708772.jpg\",\"contentUrl\":\"https:\/\/g-tool.ch\/wordpress\/wp-content\/uploads\/2016\/12\/gtt_tool_technology_cmyk-e1482240708772.jpg\",\"width\":548,\"height\":792,\"caption\":\"GTT TOOL TECHNOLOGY\"},\"image\":{\"@id\":\"https:\/\/g-tool.ch\/wordpress\/#\/schema\/logo\/image\/\"}}]}<\/script>\n<!-- \/ Yoast SEO plugin. -->","yoast_head_json":{"title":"Unsere Handelsvertretungen - GTT TOOL TECHNOLOGY","robots":{"index":"index","follow":"follow","max-snippet":"max-snippet:-1","max-image-preview":"max-image-preview:large","max-video-preview":"max-video-preview:-1"},"canonical":"https:\/\/g-tool.ch\/wordpress\/?page_id=1253","og_locale":"de_DE","og_type":"article","og_title":"Unsere Handelsvertretungen - GTT TOOL TECHNOLOGY","og_description":"Kreiss\u00e4gen f\u00fcr: Holzindustrie Metallbearbeitung Kunststoffbearbeitung Lebensmittelindustrie 3 verschiedene Varianten Kreiss\u00e4gen Standard Blacklinde mit Oxidationsbeschichtung f\u00fcr weniger Anhaftungen Enduraline mit Beschichung von Blattk\u00f6rper und Z\u00e4hnen f\u00fcr h\u00f6here Vorschubgeschwindikeiten und h\u00f6here Standzeiten &nbsp; Bandss\u00e4gebl\u00e4tter mit verschiedenen Zahnausbildungen gestaucht Stellit Kajaani, der Winterzahn f\u00fcr geforenes Holz Yieldmax f\u00fcr\u00a0d\u00fcnnere Schnittfuge und\u00a0h\u00f6here Standzeiten Aus Uddeholm Bandstahl in den bew\u00e4hrten Qualit\u00e4ten &hellip; \u201eUnsere Handelsvertretungen\u201c weiterlesen","og_url":"https:\/\/g-tool.ch\/wordpress\/?page_id=1253","og_site_name":"GTT TOOL TECHNOLOGY","article_modified_time":"2025-02-24T16:15:57+00:00","og_image":[{"width":600,"height":172,"url":"https:\/\/g-tool.ch\/wordpress\/wp-content\/uploads\/2025\/02\/micor_payoff-e1740406546263.jpg","type":"image\/jpeg"}],"twitter_card":"summary_large_image","twitter_misc":{"Gesch\u00e4tzte Lesezeit":"2\u00a0Minuten"},"schema":{"@context":"https:\/\/schema.org","@graph":[{"@type":"WebPage","@id":"https:\/\/g-tool.ch\/wordpress\/?page_id=1253","url":"https:\/\/g-tool.ch\/wordpress\/?page_id=1253","name":"Unsere Handelsvertretungen - GTT TOOL TECHNOLOGY","isPartOf":{"@id":"https:\/\/g-tool.ch\/wordpress\/#website"},"primaryImageOfPage":{"@id":"https:\/\/g-tool.ch\/wordpress\/?page_id=1253#primaryimage"},"image":{"@id":"https:\/\/g-tool.ch\/wordpress\/?page_id=1253#primaryimage"},"thumbnailUrl":"https:\/\/g-tool.ch\/wordpress\/wp-content\/uploads\/2025\/02\/micor_payoff-300x86.jpg","datePublished":"2025-02-24T13:41:52+00:00","dateModified":"2025-02-24T16:15:57+00:00","breadcrumb":{"@id":"https:\/\/g-tool.ch\/wordpress\/?page_id=1253#breadcrumb"},"inLanguage":"de","potentialAction":[{"@type":"ReadAction","target":["https:\/\/g-tool.ch\/wordpress\/?page_id=1253"]}]},{"@type":"ImageObject","inLanguage":"de","@id":"https:\/\/g-tool.ch\/wordpress\/?page_id=1253#primaryimage","url":"https:\/\/g-tool.ch\/wordpress\/wp-content\/uploads\/2025\/02\/micor_payoff-e1740406546263.jpg","contentUrl":"https:\/\/g-tool.ch\/wordpress\/wp-content\/uploads\/2025\/02\/micor_payoff-e1740406546263.jpg","width":600,"height":172},{"@type":"BreadcrumbList","@id":"https:\/\/g-tool.ch\/wordpress\/?page_id=1253#breadcrumb","itemListElement":[{"@type":"ListItem","position":1,"name":"Startseite","item":"https:\/\/g-tool.ch\/wordpress\/"},{"@type":"ListItem","position":2,"name":"Unsere Handelsvertretungen"}]},{"@type":"WebSite","@id":"https:\/\/g-tool.ch\/wordpress\/#website","url":"https:\/\/g-tool.ch\/wordpress\/","name":"GTT TOOL TECHNOLOGY","description":"Hochleistungswerkzeuge","publisher":{"@id":"https:\/\/g-tool.ch\/wordpress\/#organization"},"potentialAction":[{"@type":"SearchAction","target":{"@type":"EntryPoint","urlTemplate":"https:\/\/g-tool.ch\/wordpress\/?s={search_term_string}"},"query-input":{"@type":"PropertyValueSpecification","valueRequired":true,"valueName":"search_term_string"}}],"inLanguage":"de"},{"@type":"Organization","@id":"https:\/\/g-tool.ch\/wordpress\/#organization","name":"GTT TOOL TECHNOLOGY","url":"https:\/\/g-tool.ch\/wordpress\/","logo":{"@type":"ImageObject","inLanguage":"de","@id":"https:\/\/g-tool.ch\/wordpress\/#\/schema\/logo\/image\/","url":"https:\/\/g-tool.ch\/wordpress\/wp-content\/uploads\/2016\/12\/gtt_tool_technology_cmyk-e1482240708772.jpg","contentUrl":"https:\/\/g-tool.ch\/wordpress\/wp-content\/uploads\/2016\/12\/gtt_tool_technology_cmyk-e1482240708772.jpg","width":548,"height":792,"caption":"GTT TOOL TECHNOLOGY"},"image":{"@id":"https:\/\/g-tool.ch\/wordpress\/#\/schema\/logo\/image\/"}}]}},"_links":{"self":[{"href":"https:\/\/g-tool.ch\/wordpress\/index.php?rest_route=\/wp\/v2\/pages\/1253","targetHints":{"allow":["GET"]}}],"collection":[{"href":"https:\/\/g-tool.ch\/wordpress\/index.php?rest_route=\/wp\/v2\/pages"}],"about":[{"href":"https:\/\/g-tool.ch\/wordpress\/index.php?rest_route=\/wp\/v2\/types\/page"}],"author":[{"embeddable":true,"href":"https:\/\/g-tool.ch\/wordpress\/index.php?rest_route=\/wp\/v2\/users\/1"}],"replies":[{"embeddable":true,"href":"https:\/\/g-tool.ch\/wordpress\/index.php?rest_route=%2Fwp%2Fv2%2Fcomments&post=1253"}],"version-history":[{"count":9,"href":"https:\/\/g-tool.ch\/wordpress\/index.php?rest_route=\/wp\/v2\/pages\/1253\/revisions"}],"predecessor-version":[{"id":1281,"href":"https:\/\/g-tool.ch\/wordpress\/index.php?rest_route=\/wp\/v2\/pages\/1253\/revisions\/1281"}],"wp:attachment":[{"href":"https:\/\/g-tool.ch\/wordpress\/index.php?rest_route=%2Fwp%2Fv2%2Fmedia&parent=1253"}],"curies":[{"name":"wp","href":"https:\/\/api.w.org\/{rel}","templated":true}]}}