{"id":528,"date":"2018-03-04T15:42:09","date_gmt":"2018-03-04T15:42:09","guid":{"rendered":"http:\/\/g-tool.ch\/?page_id=528"},"modified":"2020-10-22T08:37:15","modified_gmt":"2020-10-22T08:37:15","slug":"schleifwerkzeuge-und-buerstensysteme","status":"publish","type":"page","link":"https:\/\/g-tool.ch\/wordpress\/?page_id=528","title":{"rendered":"Schleifwerkzeuge und B\u00fcrstensysteme"},"content":{"rendered":"<p>Die erstklassigen ARMINIUS-Schleifwerkzeuge \u00fcberzeugen durch massiven Aufbau, sowie der M\u00f6glichkeit beliebiger Ausf\u00fchrung der Profiltr\u00e4ger.<\/p>\n<p><img loading=\"lazy\" decoding=\"async\" class=\"alignnone size-medium wp-image-537\" src=\"https:\/\/g-tool.ch\/wordpress\/wp-content\/uploads\/2018\/03\/index_10_1-300x140.png\" alt=\"\" width=\"300\" height=\"140\" srcset=\"https:\/\/g-tool.ch\/wordpress\/wp-content\/uploads\/2018\/03\/index_10_1-300x140.png 300w, https:\/\/g-tool.ch\/wordpress\/wp-content\/uploads\/2018\/03\/index_10_1.png 400w\" sizes=\"auto, (max-width: 300px) 100vw, 300px\" \/><\/p>\n<p>Durch die individuelle Ausf\u00fchrung der Schleifbest\u00fcckung bearbeiten Sie alle Oberfl\u00e4chen ganz nach Ihrem Bedarf.<\/p>\n<p><img loading=\"lazy\" decoding=\"async\" class=\"alignnone size-medium wp-image-557\" src=\"https:\/\/g-tool.ch\/wordpress\/wp-content\/uploads\/2018\/03\/index_26_1-300x140.png\" alt=\"\" width=\"300\" height=\"140\" srcset=\"https:\/\/g-tool.ch\/wordpress\/wp-content\/uploads\/2018\/03\/index_26_1-300x140.png 300w, https:\/\/g-tool.ch\/wordpress\/wp-content\/uploads\/2018\/03\/index_26_1.png 400w\" sizes=\"auto, (max-width: 300px) 100vw, 300px\" \/><\/p>\n<p>Mit der Strukturb\u00fcrste strukturieren Sie die Holzberfl\u00e4che ganz nach Ihrem Bedarf. Einzelne Streifenelemente kombinieren und variiren.<\/p>\n<p><img loading=\"lazy\" decoding=\"async\" class=\"alignnone size-medium wp-image-562\" src=\"https:\/\/g-tool.ch\/wordpress\/wp-content\/uploads\/2018\/03\/index_27_1-300x140.png\" alt=\"\" width=\"300\" height=\"140\" srcset=\"https:\/\/g-tool.ch\/wordpress\/wp-content\/uploads\/2018\/03\/index_27_1-300x140.png 300w, https:\/\/g-tool.ch\/wordpress\/wp-content\/uploads\/2018\/03\/index_27_1.png 400w\" sizes=\"auto, (max-width: 300px) 100vw, 300px\" \/><\/p>\n<p><a href=\"https:\/\/g-tool.ch\/wordpress\/wp-content\/uploads\/2018\/03\/Arminius-Werkzeuge-und-Systeme-pros1_de.pdf\" class=\"mtli_attachment mtli_pdf\" rel=\"noopener\">Arminius Werkzeuge und Systeme<\/a><\/p>\n<p><a href=\"https:\/\/g-tool.ch\/wordpress\/wp-content\/uploads\/2018\/03\/Arminius-Schleifb\u00fcrsten.pdf\" class=\"mtli_attachment mtli_pdf\" rel=\"noopener\">Arminius Schleifb\u00fcrsten<\/a><\/p>\n<p><a href=\"https:\/\/g-tool.ch\/wordpress\/wp-content\/uploads\/2018\/03\/Arminius-Schleifigel.pdf\" class=\"mtli_attachment mtli_pdf\" rel=\"noopener\">Arminius Schleifigel<\/a><\/p>\n<p><a href=\"https:\/\/g-tool.ch\/wordpress\/wp-content\/uploads\/2018\/03\/Arminius-Treppen-pros3_de.pdf\" class=\"mtli_attachment mtli_pdf\" rel=\"noopener\">Arminius Treppenbau<\/a><\/p>\n<p><a href=\"https:\/\/g-tool.ch\/wordpress\/wp-content\/uploads\/2018\/03\/Arminius-Fenster-pros4_de.pdf\" class=\"mtli_attachment mtli_pdf\">Arminius Fensterbau<\/a><\/p>\n<p><a href=\"https:\/\/g-tool.ch\/wordpress\/wp-content\/uploads\/2018\/03\/Arminius-T\u00fcren-und-Fronten-pros2_de.pdf\" class=\"mtli_attachment mtli_pdf\">Arminius T\u00fcren und Fronten<\/a><\/p>\n<p><a href=\"https:\/\/g-tool.ch\/wordpress\/wp-content\/uploads\/2018\/03\/Arminius-B\u00fcrsten-pros5_de.pdf\" class=\"mtli_attachment mtli_pdf\" rel=\"noopener\">Arminius B\u00fcrsten<\/a><\/p>\n<p>Wir sind Fachh\u00e4ndler der ARMINIUS Schleifmittel GmbH<\/p>\n<p><img loading=\"lazy\" decoding=\"async\" class=\"alignnone wp-image-566 size-medium\" src=\"https:\/\/g-tool.ch\/wordpress\/wp-content\/uploads\/2018\/03\/logo_small-300x86.jpg\" alt=\"\" width=\"300\" height=\"86\" srcset=\"https:\/\/g-tool.ch\/wordpress\/wp-content\/uploads\/2018\/03\/logo_small-300x86.jpg 300w, https:\/\/g-tool.ch\/wordpress\/wp-content\/uploads\/2018\/03\/logo_small.jpg 740w\" sizes=\"auto, (max-width: 300px) 100vw, 300px\" \/><\/p>\n<p><a href=\"http:\/\/www.arminius.de\">http:\/\/www.arminius.de<\/a><\/p>\n<p><a href=\"https:\/\/www.arminius-schleifwerkzeuge.de\">https:\/\/www.arminius-schleifwerkzeuge.de<\/a><\/p>\n<p>&nbsp;<\/p>\n","protected":false},"excerpt":{"rendered":"<p>Die erstklassigen ARMINIUS-Schleifwerkzeuge \u00fcberzeugen durch massiven Aufbau, sowie der M\u00f6glichkeit beliebiger Ausf\u00fchrung der Profiltr\u00e4ger. Durch die individuelle Ausf\u00fchrung der Schleifbest\u00fcckung bearbeiten Sie alle Oberfl\u00e4chen ganz nach Ihrem Bedarf. Mit der Strukturb\u00fcrste strukturieren Sie die Holzberfl\u00e4che ganz nach Ihrem Bedarf. Einzelne Streifenelemente kombinieren und variiren. Arminius Werkzeuge und Systeme Arminius Schleifb\u00fcrsten Arminius Schleifigel Arminius Treppenbau Arminius &hellip; <\/p>\n<p class=\"link-more\"><a href=\"https:\/\/g-tool.ch\/wordpress\/?page_id=528\" class=\"more-link\"><span class=\"screen-reader-text\">\u201eSchleifwerkzeuge und B\u00fcrstensysteme\u201c<\/span> weiterlesen<\/a><\/p>\n","protected":false},"author":1,"featured_media":0,"parent":0,"menu_order":0,"comment_status":"closed","ping_status":"closed","template":"","meta":{"footnotes":""},"class_list":["post-528","page","type-page","status-publish","hentry"],"yoast_head":"<!-- This site is optimized with the Yoast SEO plugin v24.5 - https:\/\/yoast.com\/wordpress\/plugins\/seo\/ -->\n<title>Schleifwerkzeuge und B\u00fcrstensysteme - GTT TOOL TECHNOLOGY<\/title>\n<meta name=\"robots\" content=\"index, follow, max-snippet:-1, max-image-preview:large, max-video-preview:-1\" \/>\n<link rel=\"canonical\" href=\"https:\/\/g-tool.ch\/wordpress\/?page_id=528\" \/>\n<meta property=\"og:locale\" content=\"de_DE\" \/>\n<meta property=\"og:type\" content=\"article\" \/>\n<meta property=\"og:title\" content=\"Schleifwerkzeuge und B\u00fcrstensysteme - GTT TOOL TECHNOLOGY\" \/>\n<meta property=\"og:description\" content=\"Die erstklassigen ARMINIUS-Schleifwerkzeuge \u00fcberzeugen durch massiven Aufbau, sowie der M\u00f6glichkeit beliebiger Ausf\u00fchrung der Profiltr\u00e4ger. Durch die individuelle Ausf\u00fchrung der Schleifbest\u00fcckung bearbeiten Sie alle Oberfl\u00e4chen ganz nach Ihrem Bedarf. Mit der Strukturb\u00fcrste strukturieren Sie die Holzberfl\u00e4che ganz nach Ihrem Bedarf. Einzelne Streifenelemente kombinieren und variiren. Arminius Werkzeuge und Systeme Arminius Schleifb\u00fcrsten Arminius Schleifigel Arminius Treppenbau Arminius &hellip; \u201eSchleifwerkzeuge und B\u00fcrstensysteme\u201c weiterlesen\" \/>\n<meta property=\"og:url\" content=\"https:\/\/g-tool.ch\/wordpress\/?page_id=528\" \/>\n<meta property=\"og:site_name\" content=\"GTT TOOL TECHNOLOGY\" \/>\n<meta property=\"article:modified_time\" content=\"2020-10-22T08:37:15+00:00\" \/>\n<meta property=\"og:image\" content=\"https:\/\/g-tool.ch\/wordpress\/wp-content\/uploads\/2018\/03\/index_10_1-300x140.png\" \/>\n<meta name=\"twitter:card\" content=\"summary_large_image\" \/>\n<script type=\"application\/ld+json\" class=\"yoast-schema-graph\">{\"@context\":\"https:\/\/schema.org\",\"@graph\":[{\"@type\":\"WebPage\",\"@id\":\"https:\/\/g-tool.ch\/wordpress\/?page_id=528\",\"url\":\"https:\/\/g-tool.ch\/wordpress\/?page_id=528\",\"name\":\"Schleifwerkzeuge und B\u00fcrstensysteme - GTT TOOL TECHNOLOGY\",\"isPartOf\":{\"@id\":\"https:\/\/g-tool.ch\/wordpress\/#website\"},\"primaryImageOfPage\":{\"@id\":\"https:\/\/g-tool.ch\/wordpress\/?page_id=528#primaryimage\"},\"image\":{\"@id\":\"https:\/\/g-tool.ch\/wordpress\/?page_id=528#primaryimage\"},\"thumbnailUrl\":\"https:\/\/g-tool.ch\/wordpress\/wp-content\/uploads\/2018\/03\/index_10_1-300x140.png\",\"datePublished\":\"2018-03-04T15:42:09+00:00\",\"dateModified\":\"2020-10-22T08:37:15+00:00\",\"breadcrumb\":{\"@id\":\"https:\/\/g-tool.ch\/wordpress\/?page_id=528#breadcrumb\"},\"inLanguage\":\"de\",\"potentialAction\":[{\"@type\":\"ReadAction\",\"target\":[\"https:\/\/g-tool.ch\/wordpress\/?page_id=528\"]}]},{\"@type\":\"ImageObject\",\"inLanguage\":\"de\",\"@id\":\"https:\/\/g-tool.ch\/wordpress\/?page_id=528#primaryimage\",\"url\":\"https:\/\/g-tool.ch\/wordpress\/wp-content\/uploads\/2018\/03\/index_10_1.png\",\"contentUrl\":\"https:\/\/g-tool.ch\/wordpress\/wp-content\/uploads\/2018\/03\/index_10_1.png\",\"width\":400,\"height\":186},{\"@type\":\"BreadcrumbList\",\"@id\":\"https:\/\/g-tool.ch\/wordpress\/?page_id=528#breadcrumb\",\"itemListElement\":[{\"@type\":\"ListItem\",\"position\":1,\"name\":\"Startseite\",\"item\":\"https:\/\/g-tool.ch\/wordpress\/\"},{\"@type\":\"ListItem\",\"position\":2,\"name\":\"Schleifwerkzeuge und B\u00fcrstensysteme\"}]},{\"@type\":\"WebSite\",\"@id\":\"https:\/\/g-tool.ch\/wordpress\/#website\",\"url\":\"https:\/\/g-tool.ch\/wordpress\/\",\"name\":\"GTT TOOL TECHNOLOGY\",\"description\":\"Hochleistungswerkzeuge\",\"publisher\":{\"@id\":\"https:\/\/g-tool.ch\/wordpress\/#organization\"},\"potentialAction\":[{\"@type\":\"SearchAction\",\"target\":{\"@type\":\"EntryPoint\",\"urlTemplate\":\"https:\/\/g-tool.ch\/wordpress\/?s={search_term_string}\"},\"query-input\":{\"@type\":\"PropertyValueSpecification\",\"valueRequired\":true,\"valueName\":\"search_term_string\"}}],\"inLanguage\":\"de\"},{\"@type\":\"Organization\",\"@id\":\"https:\/\/g-tool.ch\/wordpress\/#organization\",\"name\":\"GTT TOOL TECHNOLOGY\",\"url\":\"https:\/\/g-tool.ch\/wordpress\/\",\"logo\":{\"@type\":\"ImageObject\",\"inLanguage\":\"de\",\"@id\":\"https:\/\/g-tool.ch\/wordpress\/#\/schema\/logo\/image\/\",\"url\":\"https:\/\/g-tool.ch\/wordpress\/wp-content\/uploads\/2016\/12\/gtt_tool_technology_cmyk-e1482240708772.jpg\",\"contentUrl\":\"https:\/\/g-tool.ch\/wordpress\/wp-content\/uploads\/2016\/12\/gtt_tool_technology_cmyk-e1482240708772.jpg\",\"width\":548,\"height\":792,\"caption\":\"GTT TOOL TECHNOLOGY\"},\"image\":{\"@id\":\"https:\/\/g-tool.ch\/wordpress\/#\/schema\/logo\/image\/\"}}]}<\/script>\n<!-- \/ Yoast SEO plugin. -->","yoast_head_json":{"title":"Schleifwerkzeuge und B\u00fcrstensysteme - GTT TOOL TECHNOLOGY","robots":{"index":"index","follow":"follow","max-snippet":"max-snippet:-1","max-image-preview":"max-image-preview:large","max-video-preview":"max-video-preview:-1"},"canonical":"https:\/\/g-tool.ch\/wordpress\/?page_id=528","og_locale":"de_DE","og_type":"article","og_title":"Schleifwerkzeuge und B\u00fcrstensysteme - GTT TOOL TECHNOLOGY","og_description":"Die erstklassigen ARMINIUS-Schleifwerkzeuge \u00fcberzeugen durch massiven Aufbau, sowie der M\u00f6glichkeit beliebiger Ausf\u00fchrung der Profiltr\u00e4ger. Durch die individuelle Ausf\u00fchrung der Schleifbest\u00fcckung bearbeiten Sie alle Oberfl\u00e4chen ganz nach Ihrem Bedarf. Mit der Strukturb\u00fcrste strukturieren Sie die Holzberfl\u00e4che ganz nach Ihrem Bedarf. Einzelne Streifenelemente kombinieren und variiren. Arminius Werkzeuge und Systeme Arminius Schleifb\u00fcrsten Arminius Schleifigel Arminius Treppenbau Arminius &hellip; \u201eSchleifwerkzeuge und B\u00fcrstensysteme\u201c weiterlesen","og_url":"https:\/\/g-tool.ch\/wordpress\/?page_id=528","og_site_name":"GTT TOOL TECHNOLOGY","article_modified_time":"2020-10-22T08:37:15+00:00","og_image":[{"url":"https:\/\/g-tool.ch\/wordpress\/wp-content\/uploads\/2018\/03\/index_10_1-300x140.png","type":"","width":"","height":""}],"twitter_card":"summary_large_image","schema":{"@context":"https:\/\/schema.org","@graph":[{"@type":"WebPage","@id":"https:\/\/g-tool.ch\/wordpress\/?page_id=528","url":"https:\/\/g-tool.ch\/wordpress\/?page_id=528","name":"Schleifwerkzeuge und B\u00fcrstensysteme - GTT TOOL TECHNOLOGY","isPartOf":{"@id":"https:\/\/g-tool.ch\/wordpress\/#website"},"primaryImageOfPage":{"@id":"https:\/\/g-tool.ch\/wordpress\/?page_id=528#primaryimage"},"image":{"@id":"https:\/\/g-tool.ch\/wordpress\/?page_id=528#primaryimage"},"thumbnailUrl":"https:\/\/g-tool.ch\/wordpress\/wp-content\/uploads\/2018\/03\/index_10_1-300x140.png","datePublished":"2018-03-04T15:42:09+00:00","dateModified":"2020-10-22T08:37:15+00:00","breadcrumb":{"@id":"https:\/\/g-tool.ch\/wordpress\/?page_id=528#breadcrumb"},"inLanguage":"de","potentialAction":[{"@type":"ReadAction","target":["https:\/\/g-tool.ch\/wordpress\/?page_id=528"]}]},{"@type":"ImageObject","inLanguage":"de","@id":"https:\/\/g-tool.ch\/wordpress\/?page_id=528#primaryimage","url":"https:\/\/g-tool.ch\/wordpress\/wp-content\/uploads\/2018\/03\/index_10_1.png","contentUrl":"https:\/\/g-tool.ch\/wordpress\/wp-content\/uploads\/2018\/03\/index_10_1.png","width":400,"height":186},{"@type":"BreadcrumbList","@id":"https:\/\/g-tool.ch\/wordpress\/?page_id=528#breadcrumb","itemListElement":[{"@type":"ListItem","position":1,"name":"Startseite","item":"https:\/\/g-tool.ch\/wordpress\/"},{"@type":"ListItem","position":2,"name":"Schleifwerkzeuge und B\u00fcrstensysteme"}]},{"@type":"WebSite","@id":"https:\/\/g-tool.ch\/wordpress\/#website","url":"https:\/\/g-tool.ch\/wordpress\/","name":"GTT TOOL TECHNOLOGY","description":"Hochleistungswerkzeuge","publisher":{"@id":"https:\/\/g-tool.ch\/wordpress\/#organization"},"potentialAction":[{"@type":"SearchAction","target":{"@type":"EntryPoint","urlTemplate":"https:\/\/g-tool.ch\/wordpress\/?s={search_term_string}"},"query-input":{"@type":"PropertyValueSpecification","valueRequired":true,"valueName":"search_term_string"}}],"inLanguage":"de"},{"@type":"Organization","@id":"https:\/\/g-tool.ch\/wordpress\/#organization","name":"GTT TOOL TECHNOLOGY","url":"https:\/\/g-tool.ch\/wordpress\/","logo":{"@type":"ImageObject","inLanguage":"de","@id":"https:\/\/g-tool.ch\/wordpress\/#\/schema\/logo\/image\/","url":"https:\/\/g-tool.ch\/wordpress\/wp-content\/uploads\/2016\/12\/gtt_tool_technology_cmyk-e1482240708772.jpg","contentUrl":"https:\/\/g-tool.ch\/wordpress\/wp-content\/uploads\/2016\/12\/gtt_tool_technology_cmyk-e1482240708772.jpg","width":548,"height":792,"caption":"GTT TOOL TECHNOLOGY"},"image":{"@id":"https:\/\/g-tool.ch\/wordpress\/#\/schema\/logo\/image\/"}}]}},"_links":{"self":[{"href":"https:\/\/g-tool.ch\/wordpress\/index.php?rest_route=\/wp\/v2\/pages\/528","targetHints":{"allow":["GET"]}}],"collection":[{"href":"https:\/\/g-tool.ch\/wordpress\/index.php?rest_route=\/wp\/v2\/pages"}],"about":[{"href":"https:\/\/g-tool.ch\/wordpress\/index.php?rest_route=\/wp\/v2\/types\/page"}],"author":[{"embeddable":true,"href":"https:\/\/g-tool.ch\/wordpress\/index.php?rest_route=\/wp\/v2\/users\/1"}],"replies":[{"embeddable":true,"href":"https:\/\/g-tool.ch\/wordpress\/index.php?rest_route=%2Fwp%2Fv2%2Fcomments&post=528"}],"version-history":[{"count":25,"href":"https:\/\/g-tool.ch\/wordpress\/index.php?rest_route=\/wp\/v2\/pages\/528\/revisions"}],"predecessor-version":[{"id":1006,"href":"https:\/\/g-tool.ch\/wordpress\/index.php?rest_route=\/wp\/v2\/pages\/528\/revisions\/1006"}],"wp:attachment":[{"href":"https:\/\/g-tool.ch\/wordpress\/index.php?rest_route=%2Fwp%2Fv2%2Fmedia&parent=528"}],"curies":[{"name":"wp","href":"https:\/\/api.w.org\/{rel}","templated":true}]}}