{"id":704,"date":"2019-02-09T20:40:43","date_gmt":"2019-02-09T20:40:43","guid":{"rendered":"http:\/\/g-tool.ch\/?page_id=704"},"modified":"2023-01-12T09:46:33","modified_gmt":"2023-01-12T09:46:33","slug":"avensis","status":"publish","type":"page","link":"https:\/\/g-tool.ch\/wordpress\/?page_id=704","title":{"rendered":"avensis Hobelk\u00f6pfe und Hobelwellen"},"content":{"rendered":"<p><strong>Der Werkzeughalter mit Terminus Messersystemen<\/strong><\/p>\n<ul>\n<li>H\u00f6chste Rundlaufgenauigkeit<\/li>\n<li>F\u00fcr die perfekte Oberfl\u00e4che<\/li>\n<\/ul>\n<ul>\n<li>Mit Druck-Fliehkraftspannung<\/li>\n<li>Alle Messer jederzeit absolut gleichm\u00e4ssig eingespannt<\/li>\n<\/ul>\n<div id='gallery-1' class='gallery galleryid-704 gallery-columns-2 gallery-size-medium'><figure class='gallery-item'>\n\t\t\t<div class='gallery-icon portrait'>\n\t\t\t\t<a href='https:\/\/g-tool.ch\/wordpress\/wp-content\/uploads\/2023\/01\/Jaussi-1.-Kopf-6-scaled-e1673509157836.jpg' rel=\"lightbox[704]\"><img loading=\"lazy\" decoding=\"async\" width=\"276\" height=\"300\" src=\"https:\/\/g-tool.ch\/wordpress\/wp-content\/uploads\/2023\/01\/Jaussi-1.-Kopf-6-scaled-e1673509157836-276x300.jpg\" class=\"attachment-medium size-medium\" alt=\"\" srcset=\"https:\/\/g-tool.ch\/wordpress\/wp-content\/uploads\/2023\/01\/Jaussi-1.-Kopf-6-scaled-e1673509157836-276x300.jpg 276w, https:\/\/g-tool.ch\/wordpress\/wp-content\/uploads\/2023\/01\/Jaussi-1.-Kopf-6-scaled-e1673509157836-768x834.jpg 768w, https:\/\/g-tool.ch\/wordpress\/wp-content\/uploads\/2023\/01\/Jaussi-1.-Kopf-6-scaled-e1673509157836.jpg 800w\" sizes=\"auto, 100vw\" \/><\/a>\n\t\t\t<\/div><\/figure><figure class='gallery-item'>\n\t\t\t<div class='gallery-icon portrait'>\n\t\t\t\t<a href='https:\/\/g-tool.ch\/wordpress\/wp-content\/uploads\/2023\/01\/4100-Z22-6-scaled-e1673451411647.jpg' rel=\"lightbox[704]\"><img loading=\"lazy\" decoding=\"async\" width=\"225\" height=\"300\" src=\"https:\/\/g-tool.ch\/wordpress\/wp-content\/uploads\/2023\/01\/4100-Z22-6-scaled-e1673451411647-225x300.jpg\" class=\"attachment-medium size-medium\" alt=\"\" srcset=\"https:\/\/g-tool.ch\/wordpress\/wp-content\/uploads\/2023\/01\/4100-Z22-6-scaled-e1673451411647-225x300.jpg 225w, https:\/\/g-tool.ch\/wordpress\/wp-content\/uploads\/2023\/01\/4100-Z22-6-scaled-e1673451411647-768x1024.jpg 768w, https:\/\/g-tool.ch\/wordpress\/wp-content\/uploads\/2023\/01\/4100-Z22-6-scaled-e1673451411647.jpg 800w\" sizes=\"auto, 100vw\" \/><\/a>\n\t\t\t<\/div><\/figure><figure class='gallery-item'>\n\t\t\t<div class='gallery-icon landscape'>\n\t\t\t\t<a href='https:\/\/g-tool.ch\/wordpress\/wp-content\/uploads\/2019\/02\/MG_7057-hell-e1549744687226.jpg' rel=\"lightbox[704]\"><img loading=\"lazy\" decoding=\"async\" width=\"300\" height=\"200\" src=\"https:\/\/g-tool.ch\/wordpress\/wp-content\/uploads\/2019\/02\/MG_7057-hell-300x200.jpg\" class=\"attachment-medium size-medium\" alt=\"\" srcset=\"https:\/\/g-tool.ch\/wordpress\/wp-content\/uploads\/2019\/02\/MG_7057-hell-300x200.jpg 300w, https:\/\/g-tool.ch\/wordpress\/wp-content\/uploads\/2019\/02\/MG_7057-hell-768x512.jpg 768w, https:\/\/g-tool.ch\/wordpress\/wp-content\/uploads\/2019\/02\/MG_7057-hell-1024x683.jpg 1024w, https:\/\/g-tool.ch\/wordpress\/wp-content\/uploads\/2019\/02\/MG_7057-hell-e1549744687226.jpg 1200w\" sizes=\"auto, 100vw\" \/><\/a>\n\t\t\t<\/div><\/figure><figure class='gallery-item'>\n\t\t\t<div class='gallery-icon landscape'>\n\t\t\t\t<a href='https:\/\/g-tool.ch\/wordpress\/wp-content\/uploads\/2019\/02\/MG_7036-Denim-e1549745102407.jpg' rel=\"lightbox[704]\"><img loading=\"lazy\" decoding=\"async\" width=\"300\" height=\"200\" src=\"https:\/\/g-tool.ch\/wordpress\/wp-content\/uploads\/2019\/02\/MG_7036-Denim-300x200.jpg\" class=\"attachment-medium size-medium\" alt=\"\" srcset=\"https:\/\/g-tool.ch\/wordpress\/wp-content\/uploads\/2019\/02\/MG_7036-Denim-300x200.jpg 300w, https:\/\/g-tool.ch\/wordpress\/wp-content\/uploads\/2019\/02\/MG_7036-Denim-768x512.jpg 768w, https:\/\/g-tool.ch\/wordpress\/wp-content\/uploads\/2019\/02\/MG_7036-Denim-1024x683.jpg 1024w, https:\/\/g-tool.ch\/wordpress\/wp-content\/uploads\/2019\/02\/MG_7036-Denim-e1549745102407.jpg 1200w\" sizes=\"auto, 100vw\" \/><\/a>\n\t\t\t<\/div><\/figure><figure class='gallery-item'>\n\t\t\t<div class='gallery-icon landscape'>\n\t\t\t\t<a href='https:\/\/g-tool.ch\/wordpress\/wp-content\/uploads\/2023\/01\/IMG_3518-scaled-e1673509085959.jpg' rel=\"lightbox[704]\"><img loading=\"lazy\" decoding=\"async\" width=\"300\" height=\"251\" src=\"https:\/\/g-tool.ch\/wordpress\/wp-content\/uploads\/2023\/01\/IMG_3518-scaled-e1673509085959-300x251.jpg\" class=\"attachment-medium size-medium\" alt=\"\" srcset=\"https:\/\/g-tool.ch\/wordpress\/wp-content\/uploads\/2023\/01\/IMG_3518-scaled-e1673509085959-300x251.jpg 300w, https:\/\/g-tool.ch\/wordpress\/wp-content\/uploads\/2023\/01\/IMG_3518-scaled-e1673509085959-768x642.jpg 768w, https:\/\/g-tool.ch\/wordpress\/wp-content\/uploads\/2023\/01\/IMG_3518-scaled-e1673509085959.jpg 957w\" sizes=\"auto, 100vw\" \/><\/a>\n\t\t\t<\/div><\/figure><figure class='gallery-item'>\n\t\t\t<div class='gallery-icon landscape'>\n\t\t\t\t<a href='https:\/\/g-tool.ch\/wordpress\/wp-content\/uploads\/2019\/02\/MG_7030-1-e1549745395118.jpg' rel=\"lightbox[704]\"><img loading=\"lazy\" decoding=\"async\" width=\"300\" height=\"200\" src=\"https:\/\/g-tool.ch\/wordpress\/wp-content\/uploads\/2019\/02\/MG_7030-1-300x200.jpg\" class=\"attachment-medium size-medium\" alt=\"\" srcset=\"https:\/\/g-tool.ch\/wordpress\/wp-content\/uploads\/2019\/02\/MG_7030-1-300x200.jpg 300w, https:\/\/g-tool.ch\/wordpress\/wp-content\/uploads\/2019\/02\/MG_7030-1-768x512.jpg 768w, https:\/\/g-tool.ch\/wordpress\/wp-content\/uploads\/2019\/02\/MG_7030-1-1024x683.jpg 1024w, https:\/\/g-tool.ch\/wordpress\/wp-content\/uploads\/2019\/02\/MG_7030-1-e1549745395118.jpg 1200w\" sizes=\"auto, 100vw\" \/><\/a>\n\t\t\t<\/div><\/figure>\n\t\t<\/div>\n\n<p>&nbsp;<\/p>\n<ul>\n<li>Messerwechsel leicht gemacht ohne Ausbau der Werkzeugehalter<\/li>\n<li>minimalster Zeitaufwand Messerwechsel nach aussen resp. radial<\/li>\n<\/ul>\n<p><img loading=\"lazy\" decoding=\"async\" class=\"size-medium wp-image-718 alignright\" src=\"https:\/\/g-tool.ch\/wordpress\/wp-content\/uploads\/2019\/02\/Fenster-1-300x272.jpg\" alt=\"\" width=\"300\" height=\"272\" srcset=\"https:\/\/g-tool.ch\/wordpress\/wp-content\/uploads\/2019\/02\/Fenster-1-300x272.jpg 300w, https:\/\/g-tool.ch\/wordpress\/wp-content\/uploads\/2019\/02\/Fenster-1.jpg 412w\" sizes=\"auto, (max-width: 300px) 100vw, 300px\" \/><\/p>\n<p><strong>1. Schritt<\/strong><br \/>\nfalls vorhanden, Spannschrauben l\u00f6sen<br \/>\nDruck auf den Spannkeil, von Hand m\u00f6glich<br \/>\nSpannkeil senkt sich ab und rastet ein<\/p>\n<p>&nbsp;<\/p>\n<p>&nbsp;<\/p>\n<p>&nbsp;<\/p>\n<p><img loading=\"lazy\" decoding=\"async\" class=\"size-medium wp-image-719 alignright\" src=\"https:\/\/g-tool.ch\/wordpress\/wp-content\/uploads\/2019\/02\/Fenster-2-300x253.jpg\" alt=\"\" width=\"300\" height=\"253\" srcset=\"https:\/\/g-tool.ch\/wordpress\/wp-content\/uploads\/2019\/02\/Fenster-2-300x253.jpg 300w, https:\/\/g-tool.ch\/wordpress\/wp-content\/uploads\/2019\/02\/Fenster-2.jpg 432w\" sizes=\"auto, (max-width: 300px) 100vw, 300px\" \/><\/p>\n<p><strong>2. Schritt<\/strong><br \/>\nMesser liegt frei<br \/>\nEntnahme gegen aussen<\/p>\n<p>&nbsp;<\/p>\n<p>&nbsp;<\/p>\n<p>&nbsp;<\/p>\n<p><img loading=\"lazy\" decoding=\"async\" class=\"size-medium wp-image-720 alignright\" src=\"https:\/\/g-tool.ch\/wordpress\/wp-content\/uploads\/2019\/02\/Fenster-3-300x258.jpg\" alt=\"\" width=\"300\" height=\"258\" srcset=\"https:\/\/g-tool.ch\/wordpress\/wp-content\/uploads\/2019\/02\/Fenster-3-300x258.jpg 300w, https:\/\/g-tool.ch\/wordpress\/wp-content\/uploads\/2019\/02\/Fenster-3.jpg 395w\" sizes=\"auto, (max-width: 300px) 100vw, 300px\" \/><\/p>\n<p><strong>3. Schritt<\/strong><br \/>\nGewendetes oder neues Messer wird eingesetzt<\/p>\n<p>&nbsp;<\/p>\n<p>&nbsp;<\/p>\n<p>&nbsp;<\/p>\n<p>&nbsp;<\/p>\n<p><img loading=\"lazy\" decoding=\"async\" class=\"size-medium wp-image-721 alignright\" src=\"https:\/\/g-tool.ch\/wordpress\/wp-content\/uploads\/2019\/02\/Fenster-4-300x256.jpg\" alt=\"\" width=\"300\" height=\"256\" srcset=\"https:\/\/g-tool.ch\/wordpress\/wp-content\/uploads\/2019\/02\/Fenster-4-300x256.jpg 300w, https:\/\/g-tool.ch\/wordpress\/wp-content\/uploads\/2019\/02\/Fenster-4.jpg 376w\" sizes=\"auto, (max-width: 300px) 100vw, 300px\" \/><\/p>\n<p><strong>4. Schritt<\/strong><br \/>\nErneuter Druck auf den Spannkeil<br \/>\nArretierung l\u00f6st sich<br \/>\nSpannkeil presst das Messer in die Passnut<br \/>\nFalls vorhanden, Spannschrauben festziehen<\/p>\n<p>&nbsp;<\/p>\n<p><a href=\"https:\/\/g-tool.ch\/wordpress\/wp-content\/uploads\/2019\/02\/avensis-2019.1.pdf\" class=\"mtli_attachment mtli_pdf\">Flyer avensis2019.1<\/a><\/p>\n<p>&nbsp;<\/p>\n","protected":false},"excerpt":{"rendered":"<p>Der Werkzeughalter mit Terminus Messersystemen H\u00f6chste Rundlaufgenauigkeit F\u00fcr die perfekte Oberfl\u00e4che Mit Druck-Fliehkraftspannung Alle Messer jederzeit absolut gleichm\u00e4ssig eingespannt &nbsp; Messerwechsel leicht gemacht ohne Ausbau der Werkzeugehalter minimalster Zeitaufwand Messerwechsel nach aussen resp. radial 1. Schritt falls vorhanden, Spannschrauben l\u00f6sen Druck auf den Spannkeil, von Hand m\u00f6glich Spannkeil senkt sich ab und rastet ein &nbsp; &hellip; <\/p>\n<p class=\"link-more\"><a href=\"https:\/\/g-tool.ch\/wordpress\/?page_id=704\" class=\"more-link\"><span class=\"screen-reader-text\">\u201eavensis Hobelk\u00f6pfe und Hobelwellen\u201c<\/span> weiterlesen<\/a><\/p>\n","protected":false},"author":1,"featured_media":1016,"parent":0,"menu_order":0,"comment_status":"closed","ping_status":"closed","template":"","meta":{"footnotes":""},"class_list":["post-704","page","type-page","status-publish","has-post-thumbnail","hentry"],"yoast_head":"<!-- This site is optimized with the Yoast SEO plugin v24.5 - https:\/\/yoast.com\/wordpress\/plugins\/seo\/ -->\n<title>avensis Hobelk\u00f6pfe und Hobelwellen - GTT TOOL TECHNOLOGY<\/title>\n<meta name=\"robots\" content=\"index, follow, max-snippet:-1, max-image-preview:large, max-video-preview:-1\" \/>\n<link rel=\"canonical\" href=\"https:\/\/g-tool.ch\/wordpress\/?page_id=704\" \/>\n<meta property=\"og:locale\" content=\"de_DE\" \/>\n<meta property=\"og:type\" content=\"article\" \/>\n<meta property=\"og:title\" content=\"avensis Hobelk\u00f6pfe und Hobelwellen - GTT TOOL TECHNOLOGY\" \/>\n<meta property=\"og:description\" content=\"Der Werkzeughalter mit Terminus Messersystemen H\u00f6chste Rundlaufgenauigkeit F\u00fcr die perfekte Oberfl\u00e4che Mit Druck-Fliehkraftspannung Alle Messer jederzeit absolut gleichm\u00e4ssig eingespannt &nbsp; Messerwechsel leicht gemacht ohne Ausbau der Werkzeugehalter minimalster Zeitaufwand Messerwechsel nach aussen resp. radial 1. Schritt falls vorhanden, Spannschrauben l\u00f6sen Druck auf den Spannkeil, von Hand m\u00f6glich Spannkeil senkt sich ab und rastet ein &nbsp; &hellip; \u201eavensis Hobelk\u00f6pfe und Hobelwellen\u201c weiterlesen\" \/>\n<meta property=\"og:url\" content=\"https:\/\/g-tool.ch\/wordpress\/?page_id=704\" \/>\n<meta property=\"og:site_name\" content=\"GTT TOOL TECHNOLOGY\" \/>\n<meta property=\"article:modified_time\" content=\"2023-01-12T09:46:33+00:00\" \/>\n<meta property=\"og:image\" content=\"https:\/\/g-tool.ch\/wordpress\/wp-content\/uploads\/2023\/01\/Jaussi-1.-Kopf-2-1-scaled-e1673516778843.jpg\" \/>\n\t<meta property=\"og:image:width\" content=\"600\" \/>\n\t<meta property=\"og:image:height\" content=\"450\" \/>\n\t<meta property=\"og:image:type\" content=\"image\/jpeg\" \/>\n<meta name=\"twitter:card\" content=\"summary_large_image\" \/>\n<meta name=\"twitter:label1\" content=\"Gesch\u00e4tzte Lesezeit\" \/>\n\t<meta name=\"twitter:data1\" content=\"2\u00a0Minuten\" \/>\n<script type=\"application\/ld+json\" class=\"yoast-schema-graph\">{\"@context\":\"https:\/\/schema.org\",\"@graph\":[{\"@type\":\"WebPage\",\"@id\":\"https:\/\/g-tool.ch\/wordpress\/?page_id=704\",\"url\":\"https:\/\/g-tool.ch\/wordpress\/?page_id=704\",\"name\":\"avensis Hobelk\u00f6pfe und Hobelwellen - GTT TOOL TECHNOLOGY\",\"isPartOf\":{\"@id\":\"https:\/\/g-tool.ch\/wordpress\/#website\"},\"primaryImageOfPage\":{\"@id\":\"https:\/\/g-tool.ch\/wordpress\/?page_id=704#primaryimage\"},\"image\":{\"@id\":\"https:\/\/g-tool.ch\/wordpress\/?page_id=704#primaryimage\"},\"thumbnailUrl\":\"https:\/\/g-tool.ch\/wordpress\/wp-content\/uploads\/2023\/01\/Jaussi-1.-Kopf-2-1-scaled-e1673516778843.jpg\",\"datePublished\":\"2019-02-09T20:40:43+00:00\",\"dateModified\":\"2023-01-12T09:46:33+00:00\",\"breadcrumb\":{\"@id\":\"https:\/\/g-tool.ch\/wordpress\/?page_id=704#breadcrumb\"},\"inLanguage\":\"de\",\"potentialAction\":[{\"@type\":\"ReadAction\",\"target\":[\"https:\/\/g-tool.ch\/wordpress\/?page_id=704\"]}]},{\"@type\":\"ImageObject\",\"inLanguage\":\"de\",\"@id\":\"https:\/\/g-tool.ch\/wordpress\/?page_id=704#primaryimage\",\"url\":\"https:\/\/g-tool.ch\/wordpress\/wp-content\/uploads\/2023\/01\/Jaussi-1.-Kopf-2-1-scaled-e1673516778843.jpg\",\"contentUrl\":\"https:\/\/g-tool.ch\/wordpress\/wp-content\/uploads\/2023\/01\/Jaussi-1.-Kopf-2-1-scaled-e1673516778843.jpg\",\"width\":600,\"height\":450},{\"@type\":\"BreadcrumbList\",\"@id\":\"https:\/\/g-tool.ch\/wordpress\/?page_id=704#breadcrumb\",\"itemListElement\":[{\"@type\":\"ListItem\",\"position\":1,\"name\":\"Startseite\",\"item\":\"https:\/\/g-tool.ch\/wordpress\/\"},{\"@type\":\"ListItem\",\"position\":2,\"name\":\"avensis Hobelk\u00f6pfe und Hobelwellen\"}]},{\"@type\":\"WebSite\",\"@id\":\"https:\/\/g-tool.ch\/wordpress\/#website\",\"url\":\"https:\/\/g-tool.ch\/wordpress\/\",\"name\":\"GTT TOOL TECHNOLOGY\",\"description\":\"Hochleistungswerkzeuge\",\"publisher\":{\"@id\":\"https:\/\/g-tool.ch\/wordpress\/#organization\"},\"potentialAction\":[{\"@type\":\"SearchAction\",\"target\":{\"@type\":\"EntryPoint\",\"urlTemplate\":\"https:\/\/g-tool.ch\/wordpress\/?s={search_term_string}\"},\"query-input\":{\"@type\":\"PropertyValueSpecification\",\"valueRequired\":true,\"valueName\":\"search_term_string\"}}],\"inLanguage\":\"de\"},{\"@type\":\"Organization\",\"@id\":\"https:\/\/g-tool.ch\/wordpress\/#organization\",\"name\":\"GTT TOOL TECHNOLOGY\",\"url\":\"https:\/\/g-tool.ch\/wordpress\/\",\"logo\":{\"@type\":\"ImageObject\",\"inLanguage\":\"de\",\"@id\":\"https:\/\/g-tool.ch\/wordpress\/#\/schema\/logo\/image\/\",\"url\":\"https:\/\/g-tool.ch\/wordpress\/wp-content\/uploads\/2016\/12\/gtt_tool_technology_cmyk-e1482240708772.jpg\",\"contentUrl\":\"https:\/\/g-tool.ch\/wordpress\/wp-content\/uploads\/2016\/12\/gtt_tool_technology_cmyk-e1482240708772.jpg\",\"width\":548,\"height\":792,\"caption\":\"GTT TOOL TECHNOLOGY\"},\"image\":{\"@id\":\"https:\/\/g-tool.ch\/wordpress\/#\/schema\/logo\/image\/\"}}]}<\/script>\n<!-- \/ Yoast SEO plugin. -->","yoast_head_json":{"title":"avensis Hobelk\u00f6pfe und Hobelwellen - GTT TOOL TECHNOLOGY","robots":{"index":"index","follow":"follow","max-snippet":"max-snippet:-1","max-image-preview":"max-image-preview:large","max-video-preview":"max-video-preview:-1"},"canonical":"https:\/\/g-tool.ch\/wordpress\/?page_id=704","og_locale":"de_DE","og_type":"article","og_title":"avensis Hobelk\u00f6pfe und Hobelwellen - GTT TOOL TECHNOLOGY","og_description":"Der Werkzeughalter mit Terminus Messersystemen H\u00f6chste Rundlaufgenauigkeit F\u00fcr die perfekte Oberfl\u00e4che Mit Druck-Fliehkraftspannung Alle Messer jederzeit absolut gleichm\u00e4ssig eingespannt &nbsp; Messerwechsel leicht gemacht ohne Ausbau der Werkzeugehalter minimalster Zeitaufwand Messerwechsel nach aussen resp. radial 1. Schritt falls vorhanden, Spannschrauben l\u00f6sen Druck auf den Spannkeil, von Hand m\u00f6glich Spannkeil senkt sich ab und rastet ein &nbsp; &hellip; \u201eavensis Hobelk\u00f6pfe und Hobelwellen\u201c weiterlesen","og_url":"https:\/\/g-tool.ch\/wordpress\/?page_id=704","og_site_name":"GTT TOOL TECHNOLOGY","article_modified_time":"2023-01-12T09:46:33+00:00","og_image":[{"width":600,"height":450,"url":"https:\/\/g-tool.ch\/wordpress\/wp-content\/uploads\/2023\/01\/Jaussi-1.-Kopf-2-1-scaled-e1673516778843.jpg","type":"image\/jpeg"}],"twitter_card":"summary_large_image","twitter_misc":{"Gesch\u00e4tzte Lesezeit":"2\u00a0Minuten"},"schema":{"@context":"https:\/\/schema.org","@graph":[{"@type":"WebPage","@id":"https:\/\/g-tool.ch\/wordpress\/?page_id=704","url":"https:\/\/g-tool.ch\/wordpress\/?page_id=704","name":"avensis Hobelk\u00f6pfe und Hobelwellen - GTT TOOL TECHNOLOGY","isPartOf":{"@id":"https:\/\/g-tool.ch\/wordpress\/#website"},"primaryImageOfPage":{"@id":"https:\/\/g-tool.ch\/wordpress\/?page_id=704#primaryimage"},"image":{"@id":"https:\/\/g-tool.ch\/wordpress\/?page_id=704#primaryimage"},"thumbnailUrl":"https:\/\/g-tool.ch\/wordpress\/wp-content\/uploads\/2023\/01\/Jaussi-1.-Kopf-2-1-scaled-e1673516778843.jpg","datePublished":"2019-02-09T20:40:43+00:00","dateModified":"2023-01-12T09:46:33+00:00","breadcrumb":{"@id":"https:\/\/g-tool.ch\/wordpress\/?page_id=704#breadcrumb"},"inLanguage":"de","potentialAction":[{"@type":"ReadAction","target":["https:\/\/g-tool.ch\/wordpress\/?page_id=704"]}]},{"@type":"ImageObject","inLanguage":"de","@id":"https:\/\/g-tool.ch\/wordpress\/?page_id=704#primaryimage","url":"https:\/\/g-tool.ch\/wordpress\/wp-content\/uploads\/2023\/01\/Jaussi-1.-Kopf-2-1-scaled-e1673516778843.jpg","contentUrl":"https:\/\/g-tool.ch\/wordpress\/wp-content\/uploads\/2023\/01\/Jaussi-1.-Kopf-2-1-scaled-e1673516778843.jpg","width":600,"height":450},{"@type":"BreadcrumbList","@id":"https:\/\/g-tool.ch\/wordpress\/?page_id=704#breadcrumb","itemListElement":[{"@type":"ListItem","position":1,"name":"Startseite","item":"https:\/\/g-tool.ch\/wordpress\/"},{"@type":"ListItem","position":2,"name":"avensis Hobelk\u00f6pfe und Hobelwellen"}]},{"@type":"WebSite","@id":"https:\/\/g-tool.ch\/wordpress\/#website","url":"https:\/\/g-tool.ch\/wordpress\/","name":"GTT TOOL TECHNOLOGY","description":"Hochleistungswerkzeuge","publisher":{"@id":"https:\/\/g-tool.ch\/wordpress\/#organization"},"potentialAction":[{"@type":"SearchAction","target":{"@type":"EntryPoint","urlTemplate":"https:\/\/g-tool.ch\/wordpress\/?s={search_term_string}"},"query-input":{"@type":"PropertyValueSpecification","valueRequired":true,"valueName":"search_term_string"}}],"inLanguage":"de"},{"@type":"Organization","@id":"https:\/\/g-tool.ch\/wordpress\/#organization","name":"GTT TOOL TECHNOLOGY","url":"https:\/\/g-tool.ch\/wordpress\/","logo":{"@type":"ImageObject","inLanguage":"de","@id":"https:\/\/g-tool.ch\/wordpress\/#\/schema\/logo\/image\/","url":"https:\/\/g-tool.ch\/wordpress\/wp-content\/uploads\/2016\/12\/gtt_tool_technology_cmyk-e1482240708772.jpg","contentUrl":"https:\/\/g-tool.ch\/wordpress\/wp-content\/uploads\/2016\/12\/gtt_tool_technology_cmyk-e1482240708772.jpg","width":548,"height":792,"caption":"GTT TOOL TECHNOLOGY"},"image":{"@id":"https:\/\/g-tool.ch\/wordpress\/#\/schema\/logo\/image\/"}}]}},"_links":{"self":[{"href":"https:\/\/g-tool.ch\/wordpress\/index.php?rest_route=\/wp\/v2\/pages\/704","targetHints":{"allow":["GET"]}}],"collection":[{"href":"https:\/\/g-tool.ch\/wordpress\/index.php?rest_route=\/wp\/v2\/pages"}],"about":[{"href":"https:\/\/g-tool.ch\/wordpress\/index.php?rest_route=\/wp\/v2\/types\/page"}],"author":[{"embeddable":true,"href":"https:\/\/g-tool.ch\/wordpress\/index.php?rest_route=\/wp\/v2\/users\/1"}],"replies":[{"embeddable":true,"href":"https:\/\/g-tool.ch\/wordpress\/index.php?rest_route=%2Fwp%2Fv2%2Fcomments&post=704"}],"version-history":[{"count":17,"href":"https:\/\/g-tool.ch\/wordpress\/index.php?rest_route=\/wp\/v2\/pages\/704\/revisions"}],"predecessor-version":[{"id":1084,"href":"https:\/\/g-tool.ch\/wordpress\/index.php?rest_route=\/wp\/v2\/pages\/704\/revisions\/1084"}],"wp:featuredmedia":[{"embeddable":true,"href":"https:\/\/g-tool.ch\/wordpress\/index.php?rest_route=\/wp\/v2\/media\/1016"}],"wp:attachment":[{"href":"https:\/\/g-tool.ch\/wordpress\/index.php?rest_route=%2Fwp%2Fv2%2Fmedia&parent=704"}],"curies":[{"name":"wp","href":"https:\/\/api.w.org\/{rel}","templated":true}]}}